{"id":116,"date":"2023-06-16T14:31:12","date_gmt":"2023-06-16T12:31:12","guid":{"rendered":"https:\/\/www.aryaswinter.com\/?page_id=116"},"modified":"2025-10-30T14:03:07","modified_gmt":"2025-10-30T13:03:07","slug":"home-asw","status":"publish","type":"page","link":"https:\/\/www.aryaswinter.com\/","title":{"rendered":"INICIO ARYA S. WINTER"},"content":{"rendered":"\n<div style=\"height:28px\" aria-hidden=\"true\" class=\" wp-block-spacer eplus-wrapper\"><\/div>\n\n\n\n<div class=\"ep-custom-column wp-block-columns alignwide eplus-wrapper is-layout-flex wp-container-core-columns-is-layout-9d6595d7 wp-block-columns-is-layout-flex\">\n<div class=\"wp-block-column eplus-wrapper is-layout-flow wp-block-column-is-layout-flow\"><div class=\"wp-block-image  edplus_anim-pfXzn8\">\n<figure class=\"aligncenter size-large is-resized eplus-wrapper\"><img loading=\"lazy\" decoding=\"async\" width=\"1024\" height=\"205\" src=\"https:\/\/www.aryaswinter.com\/wp-content\/uploads\/2025\/01\/Arya-S.-Winter-2000x400-transparent-1024x205.png\" alt=\"\" class=\"wp-image-1441\" style=\"width:418px;height:auto\" srcset=\"https:\/\/www.aryaswinter.com\/wp-content\/uploads\/2025\/01\/Arya-S.-Winter-2000x400-transparent-1024x205.png 1024w, https:\/\/www.aryaswinter.com\/wp-content\/uploads\/2025\/01\/Arya-S.-Winter-2000x400-transparent-300x60.png 300w, https:\/\/www.aryaswinter.com\/wp-content\/uploads\/2025\/01\/Arya-S.-Winter-2000x400-transparent-768x154.png 768w, https:\/\/www.aryaswinter.com\/wp-content\/uploads\/2025\/01\/Arya-S.-Winter-2000x400-transparent-1536x307.png 1536w, https:\/\/www.aryaswinter.com\/wp-content\/uploads\/2025\/01\/Arya-S.-Winter-2000x400-transparent.png 2000w\" sizes=\"auto, (max-width: 1024px) 100vw, 1024px\" \/><\/figure>\n<\/div>\n\n\n<div class=\" wp-block-cover aligncenter has-custom-content-position is-position-bottom-center eplus-wrapper\"><span aria-hidden=\"true\" class=\"wp-block-cover__background has-background-dim-30 has-background-dim\"><\/span><img loading=\"lazy\" decoding=\"async\" width=\"1024\" height=\"744\" class=\"wp-block-cover__image-background wp-image-1455\" alt=\"\" src=\"https:\/\/www.aryaswinter.com\/wp-content\/uploads\/2025\/01\/ASW-arbre-frontal-2000x1453-web-237-1024x744.jpg\" style=\"object-position:50% 30%\" data-object-fit=\"cover\" data-object-position=\"50% 30%\" srcset=\"https:\/\/www.aryaswinter.com\/wp-content\/uploads\/2025\/01\/ASW-arbre-frontal-2000x1453-web-237-1024x744.jpg 1024w, https:\/\/www.aryaswinter.com\/wp-content\/uploads\/2025\/01\/ASW-arbre-frontal-2000x1453-web-237-300x218.jpg 300w, https:\/\/www.aryaswinter.com\/wp-content\/uploads\/2025\/01\/ASW-arbre-frontal-2000x1453-web-237-768x558.jpg 768w, https:\/\/www.aryaswinter.com\/wp-content\/uploads\/2025\/01\/ASW-arbre-frontal-2000x1453-web-237-1536x1116.jpg 1536w, https:\/\/www.aryaswinter.com\/wp-content\/uploads\/2025\/01\/ASW-arbre-frontal-2000x1453-web-237.jpg 2000w\" sizes=\"auto, (max-width: 1024px) 100vw, 1024px\" \/><div class=\"wp-block-cover__inner-container is-layout-flow wp-block-cover-is-layout-flow\">\n<h2 class=\"wp-block-heading has-text-align-center has-text-color has-link-color has-large-font-size eplus-wrapper wp-elements-bc90ef66867d2062608fe4074e024714\" style=\"color:#ffffff\">AVENTURAS ADICTIVAS CON ROMANCE<\/h2>\n\n\n\n<h3 class=\"wp-block-heading has-text-align-center has-text-color has-link-color eplus-wrapper wp-elements-ea46e4cfe5d40939433fc28df79524bc\" style=\"color:#ffffff\">Rom\u00e1ntica. Fantas\u00eda. Misterio. Juvenil.<\/h3>\n<\/div><\/div>\n<\/div>\n<\/div>\n\n\n\n<div class=\"edplus_anim-csKWRo wp-block-columns eplus-wrapper is-layout-flex wp-container-core-columns-is-layout-9d6595d7 wp-block-columns-is-layout-flex\">\n<div class=\"wp-block-column eplus-wrapper is-layout-flow wp-block-column-is-layout-flow\" style=\"flex-basis:25%\"><\/div>\n\n\n\n<div class=\"wp-block-column eplus-wrapper is-layout-flow wp-block-column-is-layout-flow\" style=\"flex-basis:50%\">\n<p class=\" edplus_anim-FGhEG9 has-text-align-center has-medium-font-size eplus-wrapper\" style=\"margin-right:0;margin-left:0\">Escribo porque quiero vivir los sue\u00f1os que imagino y deseo compartirlos contigo.<\/p>\n\n\n\n<p class=\" edplus_anim-FGhEG9 has-text-align-center has-medium-font-size eplus-wrapper\" style=\"margin-right:0;margin-left:0\">Mi alma es aventurera, le encanta un buen misterio y se deja llevar por la fantas\u00eda. Tambi\u00e9n necesita acci\u00f3n, ir m\u00e1s all\u00e1 de lo ordinario y vivir historias de amor emocionantes.<\/p>\n\n\n\n<p class=\" edplus_anim-FGhEG9 has-text-align-center has-medium-font-size eplus-wrapper\" style=\"margin-right:0;margin-left:0\">\u00bfTe apuntas a vivirlo conmigo?<\/p>\n\n\n<div class=\"wp-block-image \">\n<figure class=\"aligncenter size-full is-resized eplus-wrapper\"><img loading=\"lazy\" decoding=\"async\" width=\"500\" height=\"500\" src=\"https:\/\/www.aryaswinter.com\/wp-content\/uploads\/2025\/01\/ASW-home-1.png\" alt=\"\" class=\"wp-image-1577\" style=\"width:294px;height:auto\" srcset=\"https:\/\/www.aryaswinter.com\/wp-content\/uploads\/2025\/01\/ASW-home-1.png 500w, https:\/\/www.aryaswinter.com\/wp-content\/uploads\/2025\/01\/ASW-home-1-300x300.png 300w, https:\/\/www.aryaswinter.com\/wp-content\/uploads\/2025\/01\/ASW-home-1-150x150.png 150w\" sizes=\"auto, (max-width: 500px) 100vw, 500px\" \/><\/figure>\n<\/div>\n\n\n<p class=\" has-text-align-center has-medium-font-size eplus-wrapper\" style=\"margin-right:0;margin-left:0\">Soy Arya S. Winter y escribo novelas rom\u00e1nticas con aventura, misterio y un toque de fantas\u00eda. Mis mundos de ficci\u00f3n est\u00e1n llenos de corazones con cicatrices que resurgen m\u00e1s poderosos y personajes que buscan su propio camino y luchan para amar sin temor.<\/p>\n<\/div>\n\n\n\n<div class=\"wp-block-column eplus-wrapper is-layout-flow wp-block-column-is-layout-flow\" style=\"flex-basis:25%\"><\/div>\n<\/div>\n\n\n\n<div style=\"height:20px\" aria-hidden=\"true\" class=\" wp-block-spacer eplus-wrapper\"><\/div>\n\n\n\n<div class=\"wp-block-columns eplus-wrapper is-layout-flex wp-container-core-columns-is-layout-9d6595d7 wp-block-columns-is-layout-flex\">\n<div class=\"wp-block-column is-vertically-aligned-center eplus-wrapper is-layout-flow wp-block-column-is-layout-flow\">\n<h1 class=\" wp-block-heading has-text-align-center eplus-wrapper\">ESTAS SON MIS NOVELAS<\/h1>\n\n\n\n<hr class=\" wp-block-separator has-alpha-channel-opacity eplus-wrapper\"\/>\n<\/div>\n<\/div>\n\n\n\n<div class=\"wp-block-columns eplus-wrapper is-layout-flex wp-container-core-columns-is-layout-9d6595d7 wp-block-columns-is-layout-flex\">\n<div class=\"wp-block-column eplus-wrapper is-layout-flow wp-block-column-is-layout-flow\" style=\"flex-basis:25%\"><\/div>\n\n\n\n<div class=\"wp-block-column eplus-wrapper is-layout-flow wp-block-column-is-layout-flow\" style=\"flex-basis:50%\">\n<\/div>\n\n\n\n<div class=\"wp-block-column eplus-wrapper is-layout-flow wp-block-column-is-layout-flow\" style=\"flex-basis:25%\"><\/div>\n<\/div>\n\n\n\n<div style=\"height:28px\" aria-hidden=\"true\" class=\" wp-block-spacer eplus-wrapper\"><\/div>\n\n\n\n<h1 class=\" wp-block-heading has-text-align-center eplus-wrapper\">ALGUNOS COMENTARIOS<\/h1>\n\n\n\n<hr class=\" wp-block-separator has-alpha-channel-opacity eplus-wrapper\"\/>\n\n\n\n<div class=\"wp-block-columns eplus-wrapper is-layout-flex wp-container-core-columns-is-layout-9d6595d7 wp-block-columns-is-layout-flex\">\n<div class=\"wp-block-column eplus-wrapper is-layout-flow wp-block-column-is-layout-flow\"><div class=\"wp-block-image \">\n<figure class=\"aligncenter size-full eplus-wrapper\"><img loading=\"lazy\" decoding=\"async\" width=\"500\" height=\"500\" src=\"https:\/\/www.aryaswinter.com\/wp-content\/uploads\/2025\/01\/9.-500X500.jpg\" alt=\"\" class=\"wp-image-1650\" srcset=\"https:\/\/www.aryaswinter.com\/wp-content\/uploads\/2025\/01\/9.-500X500.jpg 500w, https:\/\/www.aryaswinter.com\/wp-content\/uploads\/2025\/01\/9.-500X500-300x300.jpg 300w, https:\/\/www.aryaswinter.com\/wp-content\/uploads\/2025\/01\/9.-500X500-150x150.jpg 150w\" sizes=\"auto, (max-width: 500px) 100vw, 500px\" \/><\/figure>\n<\/div>\n\n<div class=\"wp-block-image \">\n<figure class=\"aligncenter size-full eplus-wrapper\"><img loading=\"lazy\" decoding=\"async\" width=\"500\" height=\"500\" src=\"https:\/\/www.aryaswinter.com\/wp-content\/uploads\/2025\/01\/12-500X500.jpg\" alt=\"\" class=\"wp-image-1647\" srcset=\"https:\/\/www.aryaswinter.com\/wp-content\/uploads\/2025\/01\/12-500X500.jpg 500w, https:\/\/www.aryaswinter.com\/wp-content\/uploads\/2025\/01\/12-500X500-300x300.jpg 300w, https:\/\/www.aryaswinter.com\/wp-content\/uploads\/2025\/01\/12-500X500-150x150.jpg 150w\" sizes=\"auto, (max-width: 500px) 100vw, 500px\" \/><\/figure>\n<\/div><\/div>\n\n\n\n<div class=\"wp-block-column eplus-wrapper is-layout-flow wp-block-column-is-layout-flow\"><div class=\"wp-block-image \">\n<figure class=\"aligncenter size-full eplus-wrapper\"><img loading=\"lazy\" decoding=\"async\" width=\"500\" height=\"500\" src=\"https:\/\/www.aryaswinter.com\/wp-content\/uploads\/2025\/01\/10.-500X500.jpg\" alt=\"\" class=\"wp-image-1649\" srcset=\"https:\/\/www.aryaswinter.com\/wp-content\/uploads\/2025\/01\/10.-500X500.jpg 500w, https:\/\/www.aryaswinter.com\/wp-content\/uploads\/2025\/01\/10.-500X500-300x300.jpg 300w, https:\/\/www.aryaswinter.com\/wp-content\/uploads\/2025\/01\/10.-500X500-150x150.jpg 150w\" sizes=\"auto, (max-width: 500px) 100vw, 500px\" \/><\/figure>\n<\/div>\n\n<div class=\"wp-block-image \">\n<figure class=\"aligncenter size-full eplus-wrapper\"><img loading=\"lazy\" decoding=\"async\" width=\"500\" height=\"500\" src=\"https:\/\/www.aryaswinter.com\/wp-content\/uploads\/2025\/01\/13-500X500.jpg\" alt=\"\" class=\"wp-image-1646\" srcset=\"https:\/\/www.aryaswinter.com\/wp-content\/uploads\/2025\/01\/13-500X500.jpg 500w, https:\/\/www.aryaswinter.com\/wp-content\/uploads\/2025\/01\/13-500X500-300x300.jpg 300w, https:\/\/www.aryaswinter.com\/wp-content\/uploads\/2025\/01\/13-500X500-150x150.jpg 150w\" sizes=\"auto, (max-width: 500px) 100vw, 500px\" \/><\/figure>\n<\/div><\/div>\n\n\n\n<div class=\"wp-block-column eplus-wrapper is-layout-flow wp-block-column-is-layout-flow\"><div class=\"wp-block-image \">\n<figure class=\"aligncenter size-full eplus-wrapper\"><img loading=\"lazy\" decoding=\"async\" width=\"500\" height=\"500\" src=\"https:\/\/www.aryaswinter.com\/wp-content\/uploads\/2025\/01\/11-500X500.jpg\" alt=\"\" class=\"wp-image-1648\" srcset=\"https:\/\/www.aryaswinter.com\/wp-content\/uploads\/2025\/01\/11-500X500.jpg 500w, https:\/\/www.aryaswinter.com\/wp-content\/uploads\/2025\/01\/11-500X500-300x300.jpg 300w, https:\/\/www.aryaswinter.com\/wp-content\/uploads\/2025\/01\/11-500X500-150x150.jpg 150w\" sizes=\"auto, (max-width: 500px) 100vw, 500px\" \/><\/figure>\n<\/div>\n\n<div class=\"wp-block-image \">\n<figure class=\"aligncenter size-full eplus-wrapper\"><img loading=\"lazy\" decoding=\"async\" width=\"500\" height=\"500\" src=\"https:\/\/www.aryaswinter.com\/wp-content\/uploads\/2025\/01\/14-500X500.jpg\" alt=\"\" class=\"wp-image-1645\" srcset=\"https:\/\/www.aryaswinter.com\/wp-content\/uploads\/2025\/01\/14-500X500.jpg 500w, https:\/\/www.aryaswinter.com\/wp-content\/uploads\/2025\/01\/14-500X500-300x300.jpg 300w, https:\/\/www.aryaswinter.com\/wp-content\/uploads\/2025\/01\/14-500X500-150x150.jpg 150w\" sizes=\"auto, (max-width: 500px) 100vw, 500px\" \/><\/figure>\n<\/div><\/div>\n<\/div>\n\n\n\n<div style=\"height:28px\" aria-hidden=\"true\" class=\" wp-block-spacer eplus-wrapper\"><\/div>\n\n\n\n<div style=\"height:28px\" aria-hidden=\"true\" class=\" wp-block-spacer eplus-wrapper\"><\/div>\n","protected":false},"excerpt":{"rendered":"<p>Escribo porque quiero vivir los sue\u00f1os que imagino y deseo compartirlos contigo. Mi alma es aventurera, le encanta un buen misterio y se deja llevar por la fantas\u00eda. Tambi\u00e9n necesita acci\u00f3n, ir m\u00e1s all\u00e1 de lo ordinario y vivir historias de amor emocionantes. \u00bfTe apuntas a vivirlo conmigo? Soy Arya S. Winter y escribo novelas&#8230;<\/p>\n","protected":false},"author":1,"featured_media":0,"parent":0,"menu_order":0,"comment_status":"closed","ping_status":"closed","template":"","meta":{"_kadence_starter_templates_imported_post":false,"_kad_post_transparent":"default","_kad_post_title":"hide","_kad_post_layout":"default","_kad_post_sidebar_id":"","_kad_post_content_style":"unboxed","_kad_post_vertical_padding":"hide","_kad_post_feature":"default","_kad_post_feature_position":"behind","_kad_post_header":false,"_kad_post_footer":false,"_kad_post_classname":"","footnotes":""},"class_list":["post-116","page","type-page","status-publish","hentry"],"_links":{"self":[{"href":"https:\/\/www.aryaswinter.com\/index.php\/wp-json\/wp\/v2\/pages\/116","targetHints":{"allow":["GET"]}}],"collection":[{"href":"https:\/\/www.aryaswinter.com\/index.php\/wp-json\/wp\/v2\/pages"}],"about":[{"href":"https:\/\/www.aryaswinter.com\/index.php\/wp-json\/wp\/v2\/types\/page"}],"author":[{"embeddable":true,"href":"https:\/\/www.aryaswinter.com\/index.php\/wp-json\/wp\/v2\/users\/1"}],"replies":[{"embeddable":true,"href":"https:\/\/www.aryaswinter.com\/index.php\/wp-json\/wp\/v2\/comments?post=116"}],"version-history":[{"count":379,"href":"https:\/\/www.aryaswinter.com\/index.php\/wp-json\/wp\/v2\/pages\/116\/revisions"}],"predecessor-version":[{"id":1711,"href":"https:\/\/www.aryaswinter.com\/index.php\/wp-json\/wp\/v2\/pages\/116\/revisions\/1711"}],"wp:attachment":[{"href":"https:\/\/www.aryaswinter.com\/index.php\/wp-json\/wp\/v2\/media?parent=116"}],"curies":[{"name":"wp","href":"https:\/\/api.w.org\/{rel}","templated":true}]}}