{"id":429,"date":"2023-06-21T11:17:08","date_gmt":"2023-06-21T09:17:08","guid":{"rendered":"https:\/\/www.aryaswinter.com\/?page_id=429"},"modified":"2025-01-27T10:54:55","modified_gmt":"2025-01-27T09:54:55","slug":"contacto","status":"publish","type":"page","link":"https:\/\/www.aryaswinter.com\/index.php\/contacto\/","title":{"rendered":"Contacto"},"content":{"rendered":"\n<h1 class=\"wp-block-heading has-text-align-center eplus-wrapper has-larger-font-size\">C\u00d3MO CONTACTAR<\/h1>\n\n\n\n<hr class=\"wp-block-separator has-alpha-channel-opacity eplus-wrapper\"\/>\n\n\n\n<div class=\"wp-block-columns eplus-wrapper is-layout-flex wp-container-core-columns-is-layout-9d6595d7 wp-block-columns-is-layout-flex\">\n<div class=\"wp-block-column eplus-wrapper is-layout-flow wp-block-column-is-layout-flow\">\n<p class=\"has-text-align-left eplus-wrapper has-medium-font-size\">Podemos hablar a trav\u00e9s de email, mis redes sociales o el formulario de la web. Te contestar\u00e9 enseguida que pueda. <span data-style=\"{&quot;enabled&quot;:false,&quot;color&quot;:&quot;&quot;,&quot;iconBackground&quot;:false,&quot;activeIcon&quot;:&quot;&quot;,&quot;iconBackgroundColor&quot;:&quot;&quot;,&quot;iconBorder&quot;:false,&quot;iconBorderColor&quot;:&quot;&quot;,&quot;iconBorderRadius&quot;:0}\" class=\"eplus-icon eplusicon-star\" style=\"border-radius:0px;\"><\/span> \u00a1Muchas gracias! <\/p>\n\n\n\n<p class=\"has-text-align-left eplus-wrapper has-medium-font-size\">EMAIL: info @ aryaswinter.com<\/p>\n\n\n\n<p class=\"has-text-align-left eplus-wrapper has-medium-font-size\">INSTAGRAM: <a href=\"https:\/\/www.instagram.com\/aryaswinter_\/\" target=\"_blank\" rel=\"noopener\">@aryaswinter_<\/a><\/p>\n\n\n\n<p class=\"has-text-align-left eplus-wrapper has-medium-font-size\">TIK TOK: <a href=\"https:\/\/www.tiktok.com\/@aryaswinter_\" target=\"_blank\" rel=\"noreferrer noopener\">@aryaswinter_<\/a><\/p>\n\n\n\n<p class=\"has-text-align-left eplus-wrapper has-medium-font-size\">WATTPAD: <a href=\"https:\/\/www.wattpad.com\/user\/aryaswinter_\" target=\"_blank\" rel=\"noreferrer noopener\">@aryaswinter_<\/a><\/p>\n<\/div>\n<\/div>\n\n\n\n<h2 class=\"wp-block-heading has-text-align-center eplus-wrapper has-theme-palette-1-color has-text-color has-link-color wp-elements-1376adf6793152b001eef041975e340f\">FORMULARIO DE CONTACTO<\/h2>\n\n\n\n<div class=\"wp-block-columns eplus-wrapper is-layout-flex wp-container-core-columns-is-layout-9d6595d7 wp-block-columns-is-layout-flex\">\n<div class=\"wp-block-column is-vertically-aligned-center eplus-wrapper has-theme-palette-7-background-color has-background is-layout-flow wp-block-column-is-layout-flow\"><style id=\"wpforms-css-vars-1182-block-d053b2cb-d296-4e56-8e5f-c797d5b1f743\">\n\t\t\t\t#wpforms-1182.wpforms-block-d053b2cb-d296-4e56-8e5f-c797d5b1f743 {\n\t\t\t\t--wpforms-button-background-color: #af5881;\n--wpforms-field-size-input-height: 31px;\n--wpforms-field-size-input-spacing: 10px;\n--wpforms-field-size-font-size: 14px;\n--wpforms-field-size-line-height: 17px;\n--wpforms-field-size-padding-h: 9px;\n--wpforms-field-size-checkbox-size: 14px;\n--wpforms-field-size-sublabel-spacing: 5px;\n--wpforms-field-size-icon-size: 0.75;\n--wpforms-label-size-font-size: 16px;\n--wpforms-label-size-line-height: 19px;\n--wpforms-label-size-sublabel-font-size: 14px;\n--wpforms-label-size-sublabel-line-height: 17px;\n--wpforms-button-size-font-size: 17px;\n--wpforms-button-size-height: 41px;\n--wpforms-button-size-padding-h: 15px;\n--wpforms-button-size-margin-top: 10px;\n\t\t\t}\n\t\t\t<\/style><div class=\"wpforms-container wpforms-container-full wpforms-block wpforms-block-d053b2cb-d296-4e56-8e5f-c797d5b1f743 wpforms-render-modern\" id=\"wpforms-1182\"><form id=\"wpforms-form-1182\" class=\"wpforms-validate wpforms-form wpforms-ajax-form\" data-formid=\"1182\" method=\"post\" enctype=\"multipart\/form-data\" action=\"\/index.php\/wp-json\/wp\/v2\/pages\/429\" data-token=\"4a05af33497e49611a11943b559e69db\" data-token-time=\"1775768454\"><noscript class=\"wpforms-error-noscript\">Por favor, activa JavaScript en tu navegador para completar este formulario.<\/noscript><div id=\"wpforms-error-noscript\" style=\"display: none;\">Por favor, activa JavaScript en tu navegador para completar este formulario.<\/div><div class=\"wpforms-field-container\"><div id=\"wpforms-1182-field_1-container\" class=\"wpforms-field wpforms-field-name\" data-field-id=\"1\"><label class=\"wpforms-field-label\" for=\"wpforms-1182-field_1\">Nombre <span class=\"wpforms-required-label\" aria-hidden=\"true\">*<\/span><\/label><input type=\"text\" id=\"wpforms-1182-field_1\" class=\"wpforms-field-medium wpforms-field-required\" name=\"wpforms[fields][1]\" aria-errormessage=\"wpforms-1182-field_1-error\" required><\/div><div id=\"wpforms-1182-field_6-container\" class=\"wpforms-field wpforms-field-email\" data-field-id=\"6\"><label class=\"wpforms-field-label\" for=\"wpforms-1182-field_6\">Correo electr\u00f3nico <span class=\"wpforms-required-label\" aria-hidden=\"true\">*<\/span><\/label><input type=\"email\" id=\"wpforms-1182-field_6\" class=\"wpforms-field-medium wpforms-field-required\" name=\"wpforms[fields][6]\" spellcheck=\"false\" aria-errormessage=\"wpforms-1182-field_6-error\" required><\/div><div id=\"wpforms-1182-field_4-container\" class=\"wpforms-field wpforms-field-text\" data-field-id=\"4\"><label class=\"wpforms-field-label\" for=\"wpforms-1182-field_4\">Asunto <span class=\"wpforms-required-label\" aria-hidden=\"true\">*<\/span><\/label><input type=\"text\" id=\"wpforms-1182-field_4\" class=\"wpforms-field-medium wpforms-field-required\" name=\"wpforms[fields][4]\" aria-errormessage=\"wpforms-1182-field_4-error\" required><\/div><div id=\"wpforms-1182-field_5-container\" class=\"wpforms-field wpforms-field-textarea\" data-field-id=\"5\"><label class=\"wpforms-field-label\" for=\"wpforms-1182-field_5\">Mensaje <span class=\"wpforms-required-label\" aria-hidden=\"true\">*<\/span><\/label><textarea id=\"wpforms-1182-field_5\" class=\"wpforms-field-medium wpforms-field-required\" name=\"wpforms[fields][5]\" aria-errormessage=\"wpforms-1182-field_5-error\" required><\/textarea><\/div><div id=\"wpforms-1182-field_3-container\" class=\"wpforms-field wpforms-field-checkbox\" data-field-id=\"3\"><fieldset><legend class=\"wpforms-field-label\">Consentimiento <span class=\"wpforms-required-label\" aria-hidden=\"true\">*<\/span><\/legend><ul id=\"wpforms-1182-field_3\" class=\"wpforms-field-required\"><li class=\"choice-1 depth-1\"><input type=\"checkbox\" id=\"wpforms-1182-field_3_1\" name=\"wpforms[fields][3][]\" value=\"He le\u00eddo y acepto la &lt;a target=&quot;_blank&quot; href=&quot;https:\/\/www.aryaswinter.com\/index.php\/politica-de-privacidad\/&quot;&gt;pol\u00edtica de privacidad&lt;\/a&gt;.\" aria-errormessage=\"wpforms-1182-field_3_1-error\" required ><label class=\"wpforms-field-label-inline\" for=\"wpforms-1182-field_3_1\">He le\u00eddo y acepto la <a target=\"_blank\" href=\"https:\/\/www.aryaswinter.com\/index.php\/politica-de-privacidad\/\">pol\u00edtica de privacidad<\/a>.<\/label><\/li><\/ul><\/fieldset><\/div><\/div><!-- .wpforms-field-container --><div class=\"wpforms-submit-container\" ><input type=\"hidden\" name=\"wpforms[id]\" value=\"1182\"><input type=\"hidden\" name=\"page_title\" value=\"\"><input type=\"hidden\" name=\"page_url\" value=\"https:\/\/www.aryaswinter.com\/index.php\/wp-json\/wp\/v2\/pages\/429\"><input type=\"hidden\" name=\"url_referer\" value=\"\"><button type=\"submit\" name=\"wpforms[submit]\" id=\"wpforms-submit-1182\" class=\"wpforms-submit\" data-alt-text=\"Enviando...\" data-submit-text=\"Enviar\" aria-live=\"assertive\" value=\"wpforms-submit\">Enviar<\/button><img loading=\"lazy\" decoding=\"async\" src=\"https:\/\/www.aryaswinter.com\/wp-content\/plugins\/wpforms-lite\/assets\/images\/submit-spin.svg\" class=\"wpforms-submit-spinner\" style=\"display: none;\" width=\"26\" height=\"26\" alt=\"Cargando\"><\/div><\/form><\/div>  <!-- .wpforms-container -->\n\n\n<p class=\"eplus-wrapper\"><strong>Responsable<\/strong>:&nbsp;Arya S. Winter<br><strong>Finalidad<\/strong>:&nbsp;atender tu solicitud y enviarte mis publicaciones, promociones de productos y\/o servicios.&nbsp;<br><strong>Legitimaci\u00f3n<\/strong>:&nbsp;Al marcar la casilla de aceptaci\u00f3n, est\u00e1s dando tu leg\u00edtimo consentimiento para que tus datos sean tratados conforme a las finalidades de este formulario.&nbsp;<br><strong>Destinatarios<\/strong>:&nbsp;tus datos se encuentran alojados en mi base de datos. Podr\u00e1s ejercer Tus Derechos de&nbsp;Acceso, Rectificaci\u00f3n, Limitaci\u00f3n o Suprimir tus datos en info@aryaswinter.com. Encontrar\u00e1s m\u00e1s informaci\u00f3n en <a rel=\"noreferrer noopener\" href=\"https:\/\/www.aryaswinter.com\/index.php\/politica-de-privacidad\/\" data-type=\"page\" data-id=\"716\" target=\"_blank\">www.aryaswinter.com\/politica-de-privacidad<\/a><\/p>\n<\/div>\n<\/div>\n","protected":false},"excerpt":{"rendered":"<p>C\u00d3MO CONTACTAR Podemos hablar a trav\u00e9s de email, mis redes sociales o el formulario de la web. Te contestar\u00e9 enseguida que pueda. \u00a1Muchas gracias! EMAIL: info @ aryaswinter.com INSTAGRAM: @aryaswinter_ TIK TOK: @aryaswinter_ WATTPAD: @aryaswinter_ FORMULARIO DE CONTACTO Responsable:&nbsp;Arya S. WinterFinalidad:&nbsp;atender tu solicitud y enviarte mis publicaciones, promociones de productos y\/o servicios.&nbsp;Legitimaci\u00f3n:&nbsp;Al marcar la casilla&#8230;<\/p>\n","protected":false},"author":1,"featured_media":0,"parent":0,"menu_order":0,"comment_status":"closed","ping_status":"closed","template":"","meta":{"_kadence_starter_templates_imported_post":false,"_kad_post_transparent":"disable","_kad_post_title":"","_kad_post_layout":"narrow","_kad_post_sidebar_id":"","_kad_post_content_style":"","_kad_post_vertical_padding":"","_kad_post_feature":"","_kad_post_feature_position":"","_kad_post_header":false,"_kad_post_footer":false,"_kad_post_classname":"","footnotes":""},"class_list":["post-429","page","type-page","status-publish","hentry"],"_links":{"self":[{"href":"https:\/\/www.aryaswinter.com\/index.php\/wp-json\/wp\/v2\/pages\/429","targetHints":{"allow":["GET"]}}],"collection":[{"href":"https:\/\/www.aryaswinter.com\/index.php\/wp-json\/wp\/v2\/pages"}],"about":[{"href":"https:\/\/www.aryaswinter.com\/index.php\/wp-json\/wp\/v2\/types\/page"}],"author":[{"embeddable":true,"href":"https:\/\/www.aryaswinter.com\/index.php\/wp-json\/wp\/v2\/users\/1"}],"replies":[{"embeddable":true,"href":"https:\/\/www.aryaswinter.com\/index.php\/wp-json\/wp\/v2\/comments?post=429"}],"version-history":[{"count":55,"href":"https:\/\/www.aryaswinter.com\/index.php\/wp-json\/wp\/v2\/pages\/429\/revisions"}],"predecessor-version":[{"id":1688,"href":"https:\/\/www.aryaswinter.com\/index.php\/wp-json\/wp\/v2\/pages\/429\/revisions\/1688"}],"wp:attachment":[{"href":"https:\/\/www.aryaswinter.com\/index.php\/wp-json\/wp\/v2\/media?parent=429"}],"curies":[{"name":"wp","href":"https:\/\/api.w.org\/{rel}","templated":true}]}}