{"id":434,"date":"2023-06-21T11:22:10","date_gmt":"2023-06-21T09:22:10","guid":{"rendered":"https:\/\/www.aryaswinter.com\/?page_id=434"},"modified":"2025-10-30T13:59:36","modified_gmt":"2025-10-30T12:59:36","slug":"libros","status":"publish","type":"page","link":"https:\/\/www.aryaswinter.com\/index.php\/libros\/","title":{"rendered":"Libros"},"content":{"rendered":"\n<h3 class=\"wp-block-heading has-text-align-center eplus-wrapper has-larger-font-size\">MIS NOVELAS<\/h3>\n\n\n\n<hr class=\"wp-block-separator has-alpha-channel-opacity eplus-wrapper\"\/>\n\n\n\n<div style=\"height:50px\" aria-hidden=\"true\" class=\"wp-block-spacer eplus-wrapper\"><\/div>\n\n\n\n<h3 class=\"wp-block-heading has-text-align-center eplus-wrapper has-theme-palette-1-color has-text-color has-link-color wp-elements-7dba03aea86e9d796e2a8a68159812eb\"><strong><strong><strong><strong><strong><strong><strong>SI AMAS LA FANTAS\u00cdA, LA AVENTURA Y EL ROMANCE, ESTA ES TU NOVELA<\/strong><\/strong><\/strong>.<\/strong><\/strong><\/strong><\/strong><\/h3>\n\n\n\n<div class=\"wp-block-columns are-vertically-aligned-center eplus-wrapper is-layout-flex wp-container-core-columns-is-layout-93101220 wp-block-columns-is-layout-flex\" style=\"border-width:2px;margin-top:0;margin-bottom:0;padding-top:var(--wp--preset--spacing--30);padding-right:var(--wp--preset--spacing--30);padding-bottom:var(--wp--preset--spacing--30);padding-left:var(--wp--preset--spacing--30)\">\n<div class=\"wp-block-column is-vertically-aligned-center eplus-wrapper is-layout-flow wp-block-column-is-layout-flow\" style=\"flex-basis:50%\">\n<div style=\"height:15px\" aria-hidden=\"true\" class=\"wp-block-spacer eplus-wrapper\"><\/div>\n\n\n<div class=\"wp-block-image eplus-wrapper\">\n<figure class=\"aligncenter size-full is-resized\"><img loading=\"lazy\" decoding=\"async\" width=\"280\" height=\"463\" src=\"https:\/\/www.aryaswinter.com\/wp-content\/uploads\/2025\/01\/BS81094-Mockup-El-crepusculo-de-los-dragones-OK2_transparent-sense-ombra-ajustat-1.png\" alt=\"El crep\u00fasculo de los dragones, de Arya S. Winter\" class=\"wp-image-1683\" style=\"width:227px;height:auto\" srcset=\"https:\/\/www.aryaswinter.com\/wp-content\/uploads\/2025\/01\/BS81094-Mockup-El-crepusculo-de-los-dragones-OK2_transparent-sense-ombra-ajustat-1.png 280w, https:\/\/www.aryaswinter.com\/wp-content\/uploads\/2025\/01\/BS81094-Mockup-El-crepusculo-de-los-dragones-OK2_transparent-sense-ombra-ajustat-1-181x300.png 181w\" sizes=\"auto, (max-width: 280px) 100vw, 280px\" \/><\/figure>\n<\/div>\n\n\n<p class=\"has-text-align-center eplus-wrapper has-theme-palette-2-color has-text-color has-link-color wp-elements-127efbf9b0f8e63ae85334fc271e3726\"><strong>Una \u00e9pica historia de amor, lealtad y traiciones.<br>Una fantas\u00eda rom\u00e1ntica cargada de pasi\u00f3n y aventura.<\/strong><\/p>\n<\/div>\n\n\n\n<div class=\"wp-block-column is-vertically-aligned-center eplus-wrapper is-layout-flow wp-block-column-is-layout-flow\" style=\"padding-top:0;padding-right:0;padding-bottom:0;padding-left:0;flex-basis:50%\">\n<div class=\"wp-block-buttons eplus-wrapper is-content-justification-center is-layout-flex wp-container-core-buttons-is-layout-16018d1d wp-block-buttons-is-layout-flex\">\n<div class=\"wp-block-button ep-custom-buttons-icon is-style-fill eplus-wrapper\"><a class=\"wp-block-button__link has-theme-palette-1-background-color has-background has-text-align-center wp-element-button\" href=\"https:\/\/www.penguinlibros.com\/es\/novela-fantastica-juvenil\/360206-libro-el-crepusculo-de-los-dragones-9788466681094?mot_tcid=5ab2f332-a0b1-4dd3-8044-8621eed346c7\" target=\"_blank\" rel=\"noreferrer noopener\">COMPRAR<\/a><\/div>\n<\/div>\n\n\n\n<h6 class=\"wp-block-heading has-text-align-left eplus-wrapper has-theme-palette-2-color has-text-color\">SINOPSIS<\/h6>\n\n\n\n<p class=\"eplus-wrapper\">VIVE CON OSAD\u00cdA\u2026<br>Tras a\u00f1os viviendo entre dragones, por fin ha llegado el momento de que Sienna Kerr ingrese en la Fortaleza del Fuego, la prestigiosa academia donde entrenan los mejores guerreros de la isla de Maravernia. La joven salvaje tiene que adaptarse a esa nueva vida, pero lo que m\u00e1s le inquieta es enfrentarse a El Desaf\u00edo, la prueba que los designados deben superar para unirse a un drag\u00f3n.<\/p>\n\n\n\n<p class=\"eplus-wrapper\">\u2026 O MUERE CON HONOR<br>Sin embargo, el curso toma un rumbo inesperado cuando unos dragones mueren en extra\u00f1as circunstancias y una silenciosa amenaza se cierne sobre la isla. Junto con sus compa\u00f1eros, Sienna tendr\u00e1 que luchar contra unos poderes ocultos que podr\u00edan acabar con todo lo que ella ama. Aunque quiz\u00e1 el reto m\u00e1s dif\u00edcil sea otro\u2026 \u00bfSer\u00e1 capaz de elegir entre esos dos chicos que le aceleran el coraz\u00f3n? \u00bfY si para salvarlos debe arriesgar su vida?<\/p>\n\n\n\n<p><strong>*Novela autoconclusiva*<\/strong><\/p>\n\n\n\n<div style=\"height:15px\" aria-hidden=\"true\" class=\"wp-block-spacer eplus-wrapper\"><\/div>\n<\/div>\n<\/div>\n\n\n\n<div style=\"height:50px\" aria-hidden=\"true\" class=\"wp-block-spacer eplus-wrapper\"><\/div>\n\n\n\n<h3 class=\"wp-block-heading has-text-align-center eplus-wrapper has-theme-palette-2-color has-text-color has-link-color wp-elements-f792c829d590e03c115c5203901b3ac1\"><strong><strong><strong><strong>UN PRESTIGIOSO INTERNADO INGL\u00c9S.<br>UN JOVEN DESAPARECIDO.<br>Y UNA VERDAD QUE DESAFIAR\u00c1 CUALQUIER CREENCIA.<\/strong><\/strong><\/strong><\/strong><\/h3>\n\n\n\n<div class=\"wp-block-columns are-vertically-aligned-center eplus-wrapper is-layout-flex wp-container-core-columns-is-layout-6b7881b1 wp-block-columns-is-layout-flex\" style=\"border-width:2px;padding-top:var(--wp--preset--spacing--30);padding-right:var(--wp--preset--spacing--30);padding-bottom:var(--wp--preset--spacing--30);padding-left:var(--wp--preset--spacing--30)\">\n<div class=\"wp-block-column is-vertically-aligned-center eplus-wrapper is-layout-flow wp-block-column-is-layout-flow\">\n<div style=\"height:15px\" aria-hidden=\"true\" class=\"wp-block-spacer eplus-wrapper\"><\/div>\n\n\n<div class=\"wp-block-image eplus-wrapper\">\n<figure class=\"aligncenter size-full is-resized\"><img loading=\"lazy\" decoding=\"async\" width=\"400\" height=\"606\" src=\"https:\/\/www.aryaswinter.com\/wp-content\/uploads\/2023\/10\/Mock-up-Los-secretos-de-Old-Castle-Ediciones-B-sense-ombra-400x6061-1.png\" alt=\"\" class=\"wp-image-1363\" style=\"width:247px;height:auto\" srcset=\"https:\/\/www.aryaswinter.com\/wp-content\/uploads\/2023\/10\/Mock-up-Los-secretos-de-Old-Castle-Ediciones-B-sense-ombra-400x6061-1.png 400w, https:\/\/www.aryaswinter.com\/wp-content\/uploads\/2023\/10\/Mock-up-Los-secretos-de-Old-Castle-Ediciones-B-sense-ombra-400x6061-1-198x300.png 198w\" sizes=\"auto, (max-width: 400px) 100vw, 400px\" \/><\/figure>\n<\/div>\n\n\n<p class=\"has-text-align-center eplus-wrapper has-theme-palette-2-color has-text-color\"><strong>LA NOVELA #DarkAcademia QUE ESTABAS ESPERANDO<\/strong><\/p>\n<\/div>\n\n\n\n<div class=\"wp-block-column is-vertically-aligned-center eplus-wrapper is-layout-flow wp-block-column-is-layout-flow\">\n<div class=\"wp-block-buttons eplus-wrapper is-content-justification-center is-layout-flex wp-container-core-buttons-is-layout-16018d1d wp-block-buttons-is-layout-flex\">\n<div class=\"wp-block-button ep-custom-buttons-icon is-style-fill eplus-wrapper\"><a class=\"wp-block-button__link has-theme-palette-2-background-color has-background has-text-align-center wp-element-button\" href=\"https:\/\/www.penguinlibros.com\/es\/novela-negra-misterio-y-thriller\/332441-libro-los-secretos-de-old-castle-9788466676113?mot_tcid=d3ecb535-4143-406c-a278-bb48d862b093#\" target=\"_blank\" rel=\"noreferrer noopener\">COMPRAR<\/a><\/div>\n<\/div>\n\n\n\n<h6 class=\"wp-block-heading has-text-align-left eplus-wrapper has-theme-palette-2-color has-text-color\">SINOPSIS<\/h6>\n\n\n\n<p class=\"eplus-wrapper\">Norah Halley se ve obligada a dejar Barcelona para cursar el \u00faltimo a\u00f1o de instituto en un distinguido internado brit\u00e1nico. Pronto descubre que los pasillos del elitista Old Castle College esconden leyendas y secretos que podr\u00edan estar relacionados con la extra\u00f1a desaparici\u00f3n de un estudiante.<\/p>\n\n\n\n<p class=\"eplus-wrapper\">Ser\u00e1 entonces cuando Norah rompa su promesa de no estrechar lazos con nadie y se acerque a Rhydian, un joven conflictivo por el que comienza a sentir m\u00e1s de lo que deber\u00eda. Juntos emprender\u00e1n una b\u00fasqueda clandestina para averiguar la verdad, aunque lo que est\u00e1n a punto de descubrir podr\u00eda cambiar su mundo para siempre.<\/p>\n\n\n\n<p class=\"eplus-wrapper\"><em>Con una atm\u00f3sfera oscura y unos personajes inolvidables, Arya S. Winter nos sumerge en una emocionante novela llena de misterio, amor y aventuras.<\/em><\/p>\n\n\n\n<p><strong>*Novela autoconclusiva*<\/strong><\/p>\n\n\n\n<div style=\"height:15px\" aria-hidden=\"true\" class=\"wp-block-spacer eplus-wrapper\"><\/div>\n<\/div>\n<\/div>\n\n\n\n<div style=\"height:50px\" aria-hidden=\"true\" class=\"wp-block-spacer eplus-wrapper\"><\/div>\n\n\n\n<h3 class=\"wp-block-heading has-text-align-center eplus-wrapper has-theme-palette-5-color has-text-color has-link-color wp-elements-40c9f46a08c26bd56a12bcb8a17cdbbb\"><strong><strong><strong><strong>LOS SECRETOS NO SE PUEDEN ESCONDER ETERNAMENTE.<br>Y EL AMOR PUEDE SURGIR ENTRE HUESOS MILENARIOS Y SOMBREROS DE PAJA.<\/strong><\/strong><\/strong><\/strong><\/h3>\n\n\n\n<div class=\"wp-block-columns are-vertically-aligned-center eplus-wrapper is-layout-flex wp-container-core-columns-is-layout-6b7881b1 wp-block-columns-is-layout-flex\" style=\"border-width:2px;border-radius:0px;padding-top:var(--wp--preset--spacing--30);padding-right:var(--wp--preset--spacing--30);padding-bottom:var(--wp--preset--spacing--30);padding-left:var(--wp--preset--spacing--30)\">\n<div class=\"wp-block-column is-vertically-aligned-center eplus-wrapper is-layout-flow wp-block-column-is-layout-flow\"><div class=\"wp-block-image eplus-wrapper\">\n<figure class=\"aligncenter size-full is-resized\"><img loading=\"lazy\" decoding=\"async\" width=\"500\" height=\"500\" src=\"https:\/\/www.aryaswinter.com\/wp-content\/uploads\/2025\/10\/Huesos-milenarios-2025-web-petit.png\" alt=\"\" class=\"wp-image-1707\" style=\"object-fit:cover;width:472px;height:auto\" srcset=\"https:\/\/www.aryaswinter.com\/wp-content\/uploads\/2025\/10\/Huesos-milenarios-2025-web-petit.png 500w, https:\/\/www.aryaswinter.com\/wp-content\/uploads\/2025\/10\/Huesos-milenarios-2025-web-petit-300x300.png 300w, https:\/\/www.aryaswinter.com\/wp-content\/uploads\/2025\/10\/Huesos-milenarios-2025-web-petit-150x150.png 150w\" sizes=\"auto, (max-width: 500px) 100vw, 500px\" \/><\/figure>\n<\/div>\n\n\n<p class=\"has-text-align-center eplus-wrapper has-theme-palette-5-color has-text-color has-link-color wp-elements-32a76a3135c5a80d08d6f952c67d8fdf\"><strong>Historia finalista en los Premios Wattys 2021 Y 2022<\/strong><\/p>\n<\/div>\n\n\n\n<div class=\"wp-block-column is-vertically-aligned-center eplus-wrapper is-layout-flow wp-block-column-is-layout-flow\">\n<div class=\"wp-block-buttons eplus-wrapper is-content-justification-center is-layout-flex wp-container-core-buttons-is-layout-16018d1d wp-block-buttons-is-layout-flex\">\n<div class=\"wp-block-button ep-custom-buttons-icon is-style-outline eplus-wrapper is-style-outline--1\"><a class=\"wp-block-button__link has-text-align-center wp-element-button\" href=\"https:\/\/www.wattpad.com\/story\/268898404-huesos-milenarios-completa\" target=\"_blank\" rel=\"noreferrer noopener\">LEER GRATIS Wattpad<\/a><\/div>\n<\/div>\n\n\n\n<h6 class=\"wp-block-heading has-text-align-left eplus-wrapper has-theme-palette-2-color has-text-color\">SINOPSIS<\/h6>\n\n\n\n<p class=\"eplus-wrapper\">Aitana Vidal tiene dieciocho a\u00f1os y un secreto que no ha contado a nadie. Sus pulseras de cuero encubren la prueba de lo que sucedi\u00f3 a principios de verano. Ir como voluntaria en un yacimiento arqueol\u00f3gico es su oportunidad para escapar de su pasado reciente. Alejarse de todo. Recomponerse. Poder respirar. Es lo \u00fanico que desea.<\/p>\n\n\n\n<p class=\"eplus-wrapper\">No sabe que su vida va a dar un vuelco. No sabe que nada puede detener lo que est\u00e1 ocurriendo. \u00bfQu\u00e9 es ese brillo luminoso que Jax tiene sobre el hombro? \u00bfPor qu\u00e9 es la \u00fanica que ve la esfera de luz? \u00bfY por qu\u00e9 siente cosas por \u00e9l cuando no deber\u00eda?<\/p>\n\n\n\n<p class=\"eplus-wrapper\">Entre c\u00famulos de tierra y huesos milenarios, Aitana descubre que nunca m\u00e1s volver\u00e1 a ser la de antes y que, cuando el pasado te persigue, no puedes esconderte de \u00e9l.<\/p>\n\n\n\n<p><strong>*Novela autoconclusiva*<\/strong><\/p>\n\n\n\n<div style=\"height:15px\" aria-hidden=\"true\" class=\"wp-block-spacer eplus-wrapper\"><\/div>\n<\/div>\n<\/div>\n\n\n\n<div style=\"height:50px\" aria-hidden=\"true\" class=\"wp-block-spacer eplus-wrapper\"><\/div>\n\n\n\n<p class=\"eplus-wrapper\"><\/p>\n","protected":false},"excerpt":{"rendered":"<p>MIS NOVELAS SI AMAS LA FANTAS\u00cdA, LA AVENTURA Y EL ROMANCE, ESTA ES TU NOVELA. Una \u00e9pica historia de amor, lealtad y traiciones.Una fantas\u00eda rom\u00e1ntica cargada de pasi\u00f3n y aventura. SINOPSIS VIVE CON OSAD\u00cdA\u2026Tras a\u00f1os viviendo entre dragones, por fin ha llegado el momento de que Sienna Kerr ingrese en la Fortaleza del Fuego, la&#8230;<\/p>\n","protected":false},"author":1,"featured_media":0,"parent":0,"menu_order":0,"comment_status":"closed","ping_status":"closed","template":"","meta":{"_kadence_starter_templates_imported_post":false,"_kad_post_transparent":"disable","_kad_post_title":"","_kad_post_layout":"default","_kad_post_sidebar_id":"","_kad_post_content_style":"","_kad_post_vertical_padding":"","_kad_post_feature":"","_kad_post_feature_position":"","_kad_post_header":false,"_kad_post_footer":false,"_kad_post_classname":"","footnotes":""},"class_list":["post-434","page","type-page","status-publish","hentry"],"_links":{"self":[{"href":"https:\/\/www.aryaswinter.com\/index.php\/wp-json\/wp\/v2\/pages\/434","targetHints":{"allow":["GET"]}}],"collection":[{"href":"https:\/\/www.aryaswinter.com\/index.php\/wp-json\/wp\/v2\/pages"}],"about":[{"href":"https:\/\/www.aryaswinter.com\/index.php\/wp-json\/wp\/v2\/types\/page"}],"author":[{"embeddable":true,"href":"https:\/\/www.aryaswinter.com\/index.php\/wp-json\/wp\/v2\/users\/1"}],"replies":[{"embeddable":true,"href":"https:\/\/www.aryaswinter.com\/index.php\/wp-json\/wp\/v2\/comments?post=434"}],"version-history":[{"count":94,"href":"https:\/\/www.aryaswinter.com\/index.php\/wp-json\/wp\/v2\/pages\/434\/revisions"}],"predecessor-version":[{"id":1710,"href":"https:\/\/www.aryaswinter.com\/index.php\/wp-json\/wp\/v2\/pages\/434\/revisions\/1710"}],"wp:attachment":[{"href":"https:\/\/www.aryaswinter.com\/index.php\/wp-json\/wp\/v2\/media?parent=434"}],"curies":[{"name":"wp","href":"https:\/\/api.w.org\/{rel}","templated":true}]}}