{"id":436,"date":"2023-06-21T11:22:31","date_gmt":"2023-06-21T09:22:31","guid":{"rendered":"https:\/\/www.aryaswinter.com\/?page_id=436"},"modified":"2025-01-24T14:17:21","modified_gmt":"2025-01-24T13:17:21","slug":"sobre-arya","status":"publish","type":"page","link":"https:\/\/www.aryaswinter.com\/index.php\/sobre-arya\/","title":{"rendered":"Sobre Arya"},"content":{"rendered":"\n<h2 class=\" wp-block-heading has-text-align-center has-larger-font-size eplus-wrapper\">UN POCO SOBRE M\u00cd<\/h2>\n\n\n\n<hr class=\" wp-block-separator has-alpha-channel-opacity eplus-wrapper\"\/>\n\n\n<div class=\"wp-block-image \">\n<figure class=\"aligncenter size-full is-resized eplus-wrapper\"><img loading=\"lazy\" decoding=\"async\" width=\"500\" height=\"500\" src=\"https:\/\/www.aryaswinter.com\/wp-content\/uploads\/2025\/01\/ASW-sobre-mi-1.png\" alt=\"\" class=\"wp-image-1624\" style=\"width:392px;height:auto\" srcset=\"https:\/\/www.aryaswinter.com\/wp-content\/uploads\/2025\/01\/ASW-sobre-mi-1.png 500w, https:\/\/www.aryaswinter.com\/wp-content\/uploads\/2025\/01\/ASW-sobre-mi-1-300x300.png 300w, https:\/\/www.aryaswinter.com\/wp-content\/uploads\/2025\/01\/ASW-sobre-mi-1-150x150.png 150w\" sizes=\"auto, (max-width: 500px) 100vw, 500px\" \/><\/figure>\n<\/div>\n\n\n<p class=\" has-medium-font-size eplus-wrapper\">Los cuentos y los libros forman parte de mi vida desde peque\u00f1a gracias a mis padres y mis abuelos.<\/p>\n\n\n\n<p class=\" has-medium-font-size eplus-wrapper\">Empec\u00e9 a inventar mis propias historias cuando ten\u00eda unos dos o tres a\u00f1os. Contaba las aventuras de un p\u00e1jaro llamado <em>El pajarito volante<\/em> y lo met\u00eda dentro de los cuentos tradicionales (ahora se dir\u00eda que hac\u00eda <em>retellings<\/em>).<\/p>\n\n\n\n<p class=\" has-medium-font-size eplus-wrapper\">Mi infancia estuvo marcada por Los Goonies, los clicks de Playmobil y las novelas de Enid Blyton. Gracias a ella y su serie <em>Aventura<\/em> me enganch\u00e9 sin remedio a la lectura.<\/p>\n\n\n\n<p class=\" has-medium-font-size eplus-wrapper\">Fui adolescente en los 90 y, como muchos de mi generaci\u00f3n, me convert\u00ed en fan incondicional de Dragon Ball. En esa \u00e9poca, no le\u00eda rom\u00e1ntica y mi novela favorita era <em>Piratas<\/em>, de Alberto V\u00e1zquez-Figueroa. La primera historia de romance juvenil que le\u00ed fue <em>Cassiopea o l&#8217;estiu polon\u00e8s<\/em>, de Mich\u00e8le Marineau, y qued\u00e9 atrapada para siempre al g\u00e9nero.<\/p>\n\n\n\n<p class=\" has-medium-font-size eplus-wrapper\">Escribo desde que mi vecina me regal\u00f3 mi primer diario y, desde entonces, no he parado. Intent\u00e9 escribir mi primera novela cuando ten\u00eda unos diecisiete a\u00f1os, pero nunca la termin\u00e9. No fue hasta much\u00edsimos a\u00f1os m\u00e1s tarde que consider\u00e9 la posibilidad de volver a intentarlo, y esta vez s\u00ed lo consegu\u00ed. Y ahora se me acumulan las historias en la cabeza.<\/p>\n\n\n<div class=\"wp-block-image \">\n<figure class=\"aligncenter size-large is-resized eplus-wrapper\"><img loading=\"lazy\" decoding=\"async\" width=\"1024\" height=\"744\" src=\"https:\/\/www.aryaswinter.com\/wp-content\/uploads\/2025\/01\/ASW-portatil-1500x1090-1-1024x744.jpg\" alt=\"\" class=\"wp-image-1627\" style=\"width:1178px;height:auto\" srcset=\"https:\/\/www.aryaswinter.com\/wp-content\/uploads\/2025\/01\/ASW-portatil-1500x1090-1-1024x744.jpg 1024w, https:\/\/www.aryaswinter.com\/wp-content\/uploads\/2025\/01\/ASW-portatil-1500x1090-1-300x218.jpg 300w, https:\/\/www.aryaswinter.com\/wp-content\/uploads\/2025\/01\/ASW-portatil-1500x1090-1-768x558.jpg 768w, https:\/\/www.aryaswinter.com\/wp-content\/uploads\/2025\/01\/ASW-portatil-1500x1090-1.jpg 1500w\" sizes=\"auto, (max-width: 1024px) 100vw, 1024px\" \/><\/figure>\n<\/div>\n\n\n<p class=\" has-medium-font-size eplus-wrapper\">Trabaj\u00e9 varios a\u00f1os en el \u00e1mbito del medio ambiente, pero, un d\u00eda, mi alma creativa se rebel\u00f3 contra lo establecido y me empuj\u00f3 a cambiar de rumbo profesional para dedicarme a la vida bohemia (l\u00e9ase en tono gracioso) de artista.<\/p>\n\n\n\n<p class=\" has-medium-font-size eplus-wrapper\">Creo en el amor, en todos los sentidos. Donde hay amor de verdad, de ese que te da apoyo y alas, all\u00ed es el lugar donde uno debe habitar.<\/p>\n\n\n\n<p class=\" has-medium-font-size eplus-wrapper\">Algunas de las novelas que m\u00e1s han influenciado mi escritura: <em>Harry Potter<\/em>, de J.K. Rowling, saga <em>Lux<\/em> y <em>Los elementos oscuros<\/em>, de Jennifer L. Armentrout, <em>Los juegos del hambre<\/em>, de Suzanne Collins, <em>Divergente<\/em>, de Veronica Roth, y <em>Cazadores de sombra, Los or\u00edgenes y Los instrumentos mortales<\/em>, de Cassandra Clare. Y hay dos autoras nacionales que me encanta leer por su sensibilidad y su preciosa narrativa: Alice Kellen y Mar\u00eda Mart\u00ednez.<\/p>\n\n\n\n<p class=\" has-medium-font-size eplus-wrapper\">Arya S. Winter es mi seud\u00f3nimo de escritora de novela rom\u00e1ntica-juvenil-fantas\u00eda. Por motivos personales, quer\u00eda jugar con las letras A\/S y eleg\u00ed Winter porque me gusta como suena y porque refleja todo ese tiempo que contuve las historias dentro de m\u00ed. Es una forma de hacerle un gui\u00f1o a mi propio invierno creativo. Inicialmente, quise llamarme A. S. Winter, pero el nombre de Arya no paraba de martillearme el cerebro, era muy insistente, as\u00ed que, al final, lo adopt\u00e9. En la letra S. se refugia mi verdadero nombre.<\/p>\n\n\n<div class=\"wp-block-image \">\n<figure class=\"aligncenter size-large is-resized eplus-wrapper\"><img loading=\"lazy\" decoding=\"async\" width=\"1024\" height=\"744\" src=\"https:\/\/www.aryaswinter.com\/wp-content\/uploads\/2025\/01\/ASW-arbre-frontal-2000x1453-web-237-1024x744.jpg\" alt=\"\" class=\"wp-image-1455\" style=\"width:1178px;height:auto\" srcset=\"https:\/\/www.aryaswinter.com\/wp-content\/uploads\/2025\/01\/ASW-arbre-frontal-2000x1453-web-237-1024x744.jpg 1024w, https:\/\/www.aryaswinter.com\/wp-content\/uploads\/2025\/01\/ASW-arbre-frontal-2000x1453-web-237-300x218.jpg 300w, https:\/\/www.aryaswinter.com\/wp-content\/uploads\/2025\/01\/ASW-arbre-frontal-2000x1453-web-237-768x558.jpg 768w, https:\/\/www.aryaswinter.com\/wp-content\/uploads\/2025\/01\/ASW-arbre-frontal-2000x1453-web-237-1536x1116.jpg 1536w, https:\/\/www.aryaswinter.com\/wp-content\/uploads\/2025\/01\/ASW-arbre-frontal-2000x1453-web-237.jpg 2000w\" sizes=\"auto, (max-width: 1024px) 100vw, 1024px\" \/><\/figure>\n<\/div>\n\n\n<h2 class=\"wp-block-heading has-text-align-center has-theme-palette-1-color has-text-color has-link-color eplus-wrapper wp-elements-b4cd5223c078a129a699c51bf226d365\">\u00abLa magia est\u00e1 en las palabras.\u00bb<\/h2>\n\n\n\n<blockquote class=\"wp-block-quote eplus-wrapper is-layout-flow wp-block-quote-is-layout-flow\">\n<p class=\" eplus-wrapper\"><\/p>\n<\/blockquote>\n\n\n\n<div style=\"height:50px\" aria-hidden=\"true\" class=\" wp-block-spacer eplus-wrapper\"><\/div>\n","protected":false},"excerpt":{"rendered":"<p>UN POCO SOBRE M\u00cd Los cuentos y los libros forman parte de mi vida desde peque\u00f1a gracias a mis padres y mis abuelos. Empec\u00e9 a inventar mis propias historias cuando ten\u00eda unos dos o tres a\u00f1os. Contaba las aventuras de un p\u00e1jaro llamado El pajarito volante y lo met\u00eda dentro de los cuentos tradicionales (ahora&#8230;<\/p>\n","protected":false},"author":1,"featured_media":0,"parent":0,"menu_order":0,"comment_status":"closed","ping_status":"closed","template":"","meta":{"_kadence_starter_templates_imported_post":false,"_kad_post_transparent":"disable","_kad_post_title":"hide","_kad_post_layout":"default","_kad_post_sidebar_id":"","_kad_post_content_style":"boxed","_kad_post_vertical_padding":"","_kad_post_feature":"","_kad_post_feature_position":"","_kad_post_header":false,"_kad_post_footer":false,"_kad_post_classname":"","footnotes":""},"class_list":["post-436","page","type-page","status-publish","hentry"],"_links":{"self":[{"href":"https:\/\/www.aryaswinter.com\/index.php\/wp-json\/wp\/v2\/pages\/436","targetHints":{"allow":["GET"]}}],"collection":[{"href":"https:\/\/www.aryaswinter.com\/index.php\/wp-json\/wp\/v2\/pages"}],"about":[{"href":"https:\/\/www.aryaswinter.com\/index.php\/wp-json\/wp\/v2\/types\/page"}],"author":[{"embeddable":true,"href":"https:\/\/www.aryaswinter.com\/index.php\/wp-json\/wp\/v2\/users\/1"}],"replies":[{"embeddable":true,"href":"https:\/\/www.aryaswinter.com\/index.php\/wp-json\/wp\/v2\/comments?post=436"}],"version-history":[{"count":80,"href":"https:\/\/www.aryaswinter.com\/index.php\/wp-json\/wp\/v2\/pages\/436\/revisions"}],"predecessor-version":[{"id":1677,"href":"https:\/\/www.aryaswinter.com\/index.php\/wp-json\/wp\/v2\/pages\/436\/revisions\/1677"}],"wp:attachment":[{"href":"https:\/\/www.aryaswinter.com\/index.php\/wp-json\/wp\/v2\/media?parent=436"}],"curies":[{"name":"wp","href":"https:\/\/api.w.org\/{rel}","templated":true}]}}