{"id":714,"date":"2023-06-23T10:05:45","date_gmt":"2023-06-23T08:05:45","guid":{"rendered":"https:\/\/www.aryaswinter.com\/?page_id=714"},"modified":"2023-07-03T16:30:07","modified_gmt":"2023-07-03T14:30:07","slug":"aviso-legal","status":"publish","type":"page","link":"https:\/\/www.aryaswinter.com\/index.php\/aviso-legal\/","title":{"rendered":"Aviso legal"},"content":{"rendered":"\n<p class=\" eplus-wrapper\">Cumpliendo con el deber de informaci\u00f3n recogido en el art\u00edculo 10 de la Ley 34\/2002, de 11 de julio, de Servicios de la Sociedad de la Informaci\u00f3n y Comercio Electr\u00f3nico (LSSICE \u00f3 LSSI, en esta p\u00e1gina podr\u00e1s encontrar toda la informaci\u00f3n relativa a los t\u00e9rminos y condiciones legales que definen nuestra relaci\u00f3n como usuario y responsable de la web.<\/p>\n\n\n\n<p class=\" eplus-wrapper\">Como usuario es importante que conozcas estos t\u00e9rminos antes de continuar tu navegaci\u00f3n.<\/p>\n\n\n\n<p class=\" eplus-wrapper\"><strong>DATOS IDENTIFICATIVOS DEL RESPONSABLE<\/strong><br>Denominaci\u00f3n social: Arya S. Winter<br>Denominaci\u00f3n legal: Sandra Par\u00e9s Parlad\u00e9<br>NIF\/CIF: 33946212Y<br>Domicilio social en Av. Diputaci\u00f3, 100 \u2013 08560 Manlleu, Barcelona<br>Email de contacto: info@aryaswinter.com<br>Actividad social: Escritora<\/p>\n\n\n\n<p class=\" eplus-wrapper\"><strong>USUARIOS DE LA WEB<\/strong><br>Al acceder y usar la web se te atribuye la condici\u00f3n de Usuario, y aceptas los presentes t\u00e9rminos de uso. No obstante, el simple hecho de navegar por la web no significa que se inicie una relaci\u00f3n comercial o laboral entre nosotros.<\/p>\n\n\n\n<p class=\" eplus-wrapper\"><strong>NORMAS DE USO DE LA WEB<\/strong><br>Como Usuario te comprometes a utilizar la Web, sus servicios y contenidos sin contravenir la legislaci\u00f3n vigente, la buena fe y el orden p\u00fablico, quedando prohibido el uso de la web con fines il\u00edcitos o lesivos, o que, de cualquier forma, puedan causar perjuicio o impedir el normal funcionamiento de la web.<\/p>\n\n\n\n<p class=\" eplus-wrapper\">No podr\u00e1s utilizar los contenidos de la Web con fines o efectos il\u00edcitos, prohibidos o contrarios a los aqu\u00ed establecidos, lesivos de mis derechos e intereses, de los dem\u00e1s usuarios, de terceros o que de cualquier forma puedan da\u00f1ar, inutilizar, sobrecargar o deteriorar la Web o impedir la normal utilizaci\u00f3n o disfrute del mismo por parte de los usuarios. Asumes la responsabilidad de un uso correcto de la web, lo que implica:<\/p>\n\n\n\n<ul class=\"eplus-wrapper wp-block-list\">\n<li class=\" eplus-wrapper\">Hacer uso de esta web \u00fanicamente para realizar consultas y compras o adquisiciones legalmente v\u00e1lidas.<\/li>\n\n\n\n<li class=\" eplus-wrapper\">No realizar ninguna compra falsa o fraudulenta. Si razonablemente se pudiera considerar que se ha hecho una compra de esta \u00edndole, podr\u00eda ser anulada y se informar\u00eda a las autoridades pertinentes.<\/li>\n\n\n\n<li class=\" eplus-wrapper\">Facilitar datos de contactos veraces y l\u00edcitos.<\/li>\n<\/ul>\n\n\n\n<p class=\" eplus-wrapper\">Al adquirir alguno de los productos o servicios, declaras ser mayor de 18 a\u00f1os, adquirirlo bajo la responsabilidad de tu tutor legal y tener capacidad legal para celebrar contratos a trav\u00e9s de esta web. Me reservo el derecho de retirar todos aquellos comentarios y aportaciones que vulneren la ley, el respeto a la dignidad de la persona, que sean discriminatorios, xen\u00f3fogos, racistas, pornogr\u00e1ficos, spamming, que atenten contra la juventud a la infancia, el orden o la seguridad p\u00fablica o que, a mi juicio, no resultaran adecuados para su publicaci\u00f3n. No obstante, no ser\u00e9 responsable de las opiniones vertidas por los Usuarios a trav\u00e9s de comentarios u otras herramientas de blogging o de participaci\u00f3n que pueda haber.<\/p>\n\n\n\n<p class=\" eplus-wrapper\"><strong>CAPTURA DE INFORMACI\u00d3N<\/strong><\/p>\n\n\n\n<ul class=\"eplus-wrapper wp-block-list\">\n<li class=\" eplus-wrapper\">Formulario de contacto, donde el usuario deber\u00e1 rellenar el campo de correo electr\u00f3nico, asunto y nombre.<\/li>\n\n\n\n<li class=\" eplus-wrapper\">Formulario de suscripci\u00f3n, donde el usuario deber\u00e1 rellenar el campo de correo electr\u00f3nico, nombre y consentimiento.<\/li>\n\n\n\n<li class=\" eplus-wrapper\">Formulario de compra, rellenando el usuario los campos necesarios para la adquisici\u00f3n del producto con los campos de nombre, apellidos, direcci\u00f3n, ciudad, pa\u00eds, estado, c\u00f3digo postal, email y contrase\u00f1a<\/li>\n\n\n\n<li class=\" eplus-wrapper\">Cookies de rastreo, conforme a las reglas indicadas en la pol\u00edtica de cookies.<\/li>\n\n\n\n<li class=\" eplus-wrapper\">Navegaci\u00f3n y Direcci\u00f3n IP: Al navegar por www.aryaswinter.com, el usuario facilita de forma autom\u00e1tica al servidor de la web informaci\u00f3n relativa a tu direcci\u00f3n IP, fecha y hora de acceso, el hiperv\u00ednculo que le ha reenviado a estas, tu sistema operativo y el navegador utilizado. La Agencia Espa\u00f1ola de Protecci\u00f3n de Datos considera la IP como dato de car\u00e1cter personal. Esta web no utilizar\u00e1 la IP para identificar a sus usuarios, estos datos ser\u00e1n guardados y utilizados \u00fanicamente para el control y realizaci\u00f3n de estad\u00edsticas de acceso y visitas a la web, para analizar tendencias, administrar el sitio, y para recopilar informaci\u00f3n demogr\u00e1fica sobre nuestra base de usuarios en su conjunto. En ning\u00fan caso ser\u00e1n comunicados o cedidos a terceros.<\/li>\n\n\n\n<li class=\" eplus-wrapper\">Realizar estudios estad\u00edsticos.<\/li>\n<\/ul>\n\n\n\n<p class=\" eplus-wrapper\">Los Usuarios podr\u00e1n darse de baja en cualquier momento de los servicios prestados en www.aryaswinter.com a trav\u00e9s del email info@aryaswinter.com o, en caso de que as\u00ed sea, desde la Newsletter. Encontrar\u00e1s m\u00e1s informaci\u00f3n sobre el tratamiento de datos en la <a href=\"https:\/\/www.aryaswinter.com\/index.php\/politica-de-privacidad\/\" data-type=\"page\" data-id=\"716\">Pol\u00edtica de Privacidad<\/a>.<\/p>\n\n\n\n<p class=\" eplus-wrapper\"><strong>POL\u00cdTICA DE ENLACES<\/strong><br>\u00abwww.aryaswinter.com\u00bb proporciona enlaces a otros sitios web propios y de terceros, con el \u00fanico objetivo de compartir contenidos de otros que me parecen \u00fatil para completar mis contenidos. Cualquier relaci\u00f3n contractual o extracontractual que el usuario formalice con los anunciantes, afiliados o terceras personas contratadas a trav\u00e9s de esta web se entienden realizados \u00fanica y exclusivamente entre el usuario y el anunciante. Solo act\u00fao como medio publicitario.<\/p>\n\n\n\n<p class=\" eplus-wrapper\">Puedes enlazar a \u00abwww.aryaswinter.com\u00bb desde tu sitio web siempre y cuando sea para aportar valor a otras p\u00e1ginas y sin contravenir mis intereses. El hecho de que hayan enlazado \u00abwww.aryaswinter.com\u00bb en otro sitio web no significa que existe una relaci\u00f3n contractual con la misma, ni la aceptaci\u00f3n o aprobaci\u00f3n por mi parte de sus contenidos, servicios o productos.<\/p>\n\n\n\n<p class=\" eplus-wrapper\"><strong>PROPIEDAD INTELECTUAL E INDUSTRIAL<\/strong><br>Esta web pertenece a Arya S. Winter con nombre legal Sandra Par\u00e9s Parlad\u00e9, por lo que queda totalmente prohibido su uso sin su previa autorizaci\u00f3n expresa y por escrito.<\/p>\n\n\n\n<p class=\" eplus-wrapper\">Reconoces y aceptas que los derechos de uso y explotaci\u00f3n de la totalidad del contenido de la Web y en particular, a t\u00edtulo meramente enunciativo y no limitativo, los contenidos corresponden a Arya S. Winter con nombre legal Sandra Par\u00e9s Parlad\u00e9, quien es titular o tiene la correspondiente licencia, autorizaci\u00f3n o cesi\u00f3n sobre los derechos de propiedad intelectual, industrial y de imagen sobre de los contenidos y servicios disponibles a trav\u00e9s del mismo, salvo aquellos contenidos y servicios prestados por terceros.<\/p>\n\n\n\n<p class=\" eplus-wrapper\">En ning\u00fan caso, el uso de la web implica la renuncia, transmisi\u00f3n, licencia o cesi\u00f3n total ni parcial de los derechos anteriormente citados, quedando expresamente prohibida la utilizaci\u00f3n de tales elementos, su total o parcial reproducci\u00f3n, comunicaci\u00f3n y\/o distribuci\u00f3n con fines comerciales o lucrativos, as\u00ed como su modificaci\u00f3n, alteraci\u00f3n, descompilaci\u00f3n y\/o cualquier otro acto de explotaci\u00f3n de la Web.<\/p>\n\n\n\n<p class=\" eplus-wrapper\">Cualquier uso no autorizado previamente, ser\u00e1 considerado un incumplimiento grave de los derechos de propiedad intelectual o industrial del autor, reserv\u00e1ndose Arya S. Winter con nombre legal Sandra Par\u00e9s Parlad\u00e9 el derecho de ejercitar las acciones civiles o penales que correspondan contra los usuarios que vulneren sus derechos de propiedad industrial o intelectual.<\/p>\n\n\n\n<p class=\" eplus-wrapper\">Mis contenidos y los de mis colaboradores son siempre originales. No obstante, en el caso de que consideres que se ha producido una violaci\u00f3n de sus leg\u00edtimos derechos de propiedad intelectual por la introducci\u00f3n de un determinado contenido en la web, deber\u00e1 notificar dicha circunstancia enviando un email a info@aryaswinter.com indicando:<\/p>\n\n\n\n<ul class=\"eplus-wrapper wp-block-list\">\n<li class=\" eplus-wrapper\">Datos personales del interesado titular de los derechos presuntamente infringidos.<\/li>\n\n\n\n<li class=\" eplus-wrapper\">El contenido protegido por los derechos de propiedad intelectual y su ubicaci\u00f3n en la web.<\/li>\n\n\n\n<li class=\" eplus-wrapper\">La acreditaci\u00f3n de los derechos de propiedad intelectual se\u00f1alados.<\/li>\n\n\n\n<li class=\" eplus-wrapper\">Declaraci\u00f3n expresa en la que el interesado se responsabiliza de la veracidad de las informaciones facilitadas en la notificaci\u00f3n.<\/li>\n<\/ul>\n\n\n\n<p class=\" eplus-wrapper\">Las im\u00e1genes de ficci\u00f3n son de bancos de im\u00e1genes gratuitos (Pexels, Pixabay) o est\u00e1n hechas con inteligencia artificial (Midjourney, Leonardo AI). Menciones de derechos de autor: la imagen del mockup del libro <em>Huesos milenarios<\/em> es de Vectonauta en Freepik.<\/p>\n\n\n\n<p class=\" eplus-wrapper\"><strong>EXCLUSI\u00d3N DE GARANT\u00cdAS Y RESPONSABILIDAD<\/strong><br>No soy responsable, en ning\u00fan caso, de los da\u00f1os y perjuicios de cualquier naturaleza que pudieran ocasionar, a t\u00edtulo enunciativo: por errores u omisiones en los contenidos, por falta de disponibilidad de la web (la cual realizar\u00e1 paradas peri\u00f3dicas por mantenimientos t\u00e9cnicos) as\u00ed como por la transmisi\u00f3n de virus o programas maliciosos o lesivos en los contenidos, a pesar de haber adoptado todas las medidas tecnol\u00f3gicas necesarias para evitarlo. Los menores de edad tienen que navegar por www.aryaswinter.com y consumir sus contenidos, publicidad, servicios y productos bajo la responsabilidad de su tutor legal, por lo que declino cualquier responsabilidad por el incumplimiento de este requisito.<\/p>\n\n\n\n<p class=\" eplus-wrapper\"><strong>MODIFICACIONES<\/strong><br>Puedo modificar en cualquier momento y sin previo aviso las presentes condiciones para adaptarlas a las novedades legislativas o jurisprudenciales as\u00ed como a las modificaciones o pr\u00e1cticas de la industria, por lo que deber\u00e1s consultar peri\u00f3dicamente las presentes condiciones, t\u00e9rminos y pol\u00edticas a fin de comprobar o cerciorarte de la existencia de cambios en las mismas, tomando como referencia la fecha de la \u00faltima actualizaci\u00f3n.<\/p>\n\n\n\n<p class=\" eplus-wrapper\">Igualmente, me reservo el derecho de efectuar sin previo aviso las modificaciones que considere oportunas en www.aryaswinter.com, pudiendo cambiar, suprimir o a\u00f1adir tanto los contenidos y servicios que se presten a trav\u00e9s de la misma como la forma en la que estos aparezcan presentados o localizados en la web.<\/p>\n\n\n\n<p class=\" eplus-wrapper\"><strong>LEGISLACI\u00d3N APLICABLE Y JURISDICCI\u00d3N<\/strong><br>Para la resoluci\u00f3n de todas las controversias o cuestiones relacionadas con la presente web o de las actividades desarrolladas en la misma, ser\u00e1 de aplicaci\u00f3n la legislaci\u00f3n espa\u00f1ola, a la que se someten expresamente las partes, siendo competentes para la resoluci\u00f3n de todos los conflictos derivados o relacionados con su uso los Juzgados y Tribunales de Barcelona.<\/p>\n\n\n\n<p class=\" eplus-wrapper\">El aviso legal ha sido actualizado por \u00faltima vez el 28\/06\/2023.<\/p>\n\n\n\n<p class=\" eplus-wrapper\">\u00a9 Estos textos legales est\u00e1n protegidos por derechos de autor y desarrollados espec\u00edficamente para www.aryaswinter.com, por lo que no est\u00e1 permitida la copia o reproducci\u00f3n. Te recomiendo que hagas como yo y contrates tus propios textos legales<\/p>\n","protected":false},"excerpt":{"rendered":"<p>Cumpliendo con el deber de informaci\u00f3n recogido en el art\u00edculo 10 de la Ley 34\/2002, de 11 de julio, de Servicios de la Sociedad de la Informaci\u00f3n y Comercio Electr\u00f3nico (LSSICE \u00f3 LSSI, en esta p\u00e1gina podr\u00e1s encontrar toda la informaci\u00f3n relativa a los t\u00e9rminos y condiciones legales que definen nuestra relaci\u00f3n como usuario y&#8230;<\/p>\n","protected":false},"author":1,"featured_media":0,"parent":0,"menu_order":0,"comment_status":"closed","ping_status":"closed","template":"","meta":{"_kadence_starter_templates_imported_post":false,"_kad_post_transparent":"disable","_kad_post_title":"show","_kad_post_layout":"","_kad_post_sidebar_id":"","_kad_post_content_style":"","_kad_post_vertical_padding":"","_kad_post_feature":"","_kad_post_feature_position":"","_kad_post_header":false,"_kad_post_footer":false,"_kad_post_classname":"","footnotes":""},"class_list":["post-714","page","type-page","status-publish","hentry"],"_links":{"self":[{"href":"https:\/\/www.aryaswinter.com\/index.php\/wp-json\/wp\/v2\/pages\/714","targetHints":{"allow":["GET"]}}],"collection":[{"href":"https:\/\/www.aryaswinter.com\/index.php\/wp-json\/wp\/v2\/pages"}],"about":[{"href":"https:\/\/www.aryaswinter.com\/index.php\/wp-json\/wp\/v2\/types\/page"}],"author":[{"embeddable":true,"href":"https:\/\/www.aryaswinter.com\/index.php\/wp-json\/wp\/v2\/users\/1"}],"replies":[{"embeddable":true,"href":"https:\/\/www.aryaswinter.com\/index.php\/wp-json\/wp\/v2\/comments?post=714"}],"version-history":[{"count":28,"href":"https:\/\/www.aryaswinter.com\/index.php\/wp-json\/wp\/v2\/pages\/714\/revisions"}],"predecessor-version":[{"id":1280,"href":"https:\/\/www.aryaswinter.com\/index.php\/wp-json\/wp\/v2\/pages\/714\/revisions\/1280"}],"wp:attachment":[{"href":"https:\/\/www.aryaswinter.com\/index.php\/wp-json\/wp\/v2\/media?parent=714"}],"curies":[{"name":"wp","href":"https:\/\/api.w.org\/{rel}","templated":true}]}}